{"id":25264,"date":"2021-01-29T06:07:03","date_gmt":"2021-01-29T06:07:03","guid":{"rendered":"https:\/\/hirondellemagazine.com\/home-3\/"},"modified":"2023-07-23T20:44:44","modified_gmt":"2023-07-23T20:44:44","slug":"work-areas","status":"publish","type":"page","link":"https:\/\/hirondellemagazine.com\/fr\/work-areas\/","title":{"rendered":"Interventions"},"content":{"rendered":"<div class=\"wp-block-cover alignfull is-light\" style=\"min-height:350px;aspect-ratio:unset;\"><span aria-hidden=\"true\" class=\"wp-block-cover__background has-background-dim\"><\/span><img fetchpriority=\"high\" decoding=\"async\" width=\"1920\" height=\"1280\" class=\"wp-block-cover__image-background wp-image-27266\" alt=\"\" src=\"https:\/\/hirondellemagazine.com\/wp-content\/uploads\/2021\/10\/pexels-fauxels-3184296-1.jpg\" data-object-fit=\"cover\" srcset=\"https:\/\/hirondellemagazine.com\/wp-content\/uploads\/2021\/10\/pexels-fauxels-3184296-1.jpg 1920w, https:\/\/hirondellemagazine.com\/wp-content\/uploads\/2021\/10\/pexels-fauxels-3184296-1-300x200.jpg 300w, https:\/\/hirondellemagazine.com\/wp-content\/uploads\/2021\/10\/pexels-fauxels-3184296-1-1024x683.jpg 1024w, https:\/\/hirondellemagazine.com\/wp-content\/uploads\/2021\/10\/pexels-fauxels-3184296-1-768x512.jpg 768w, https:\/\/hirondellemagazine.com\/wp-content\/uploads\/2021\/10\/pexels-fauxels-3184296-1-1536x1024.jpg 1536w, https:\/\/hirondellemagazine.com\/wp-content\/uploads\/2021\/10\/pexels-fauxels-3184296-1-18x12.jpg 18w\" sizes=\"(max-width: 1920px) 100vw, 1920px\" \/><div class=\"wp-block-cover__inner-container is-layout-flow wp-block-cover-is-layout-flow\">\n<p class=\"has-text-align-center has-large-font-size\"><\/p>\n<\/div><\/div>\n\n\n\n<div class=\"inherit-container-width wp-block-group alignfull is-layout-constrained wp-block-group-is-layout-constrained\"><div class=\"wp-block-group__inner-container\">\n<h2 class=\"wp-block-heading has-text-align-center has-ast-global-color-1-color has-text-color\">Nos Interventions<\/h2>\n\n\n\n<p>Penser investir de milliers de dollars dans un projet d\u2019acc\u00e8s \u00e0 l\u2019eau potable dans un village pour am\u00e9liorer les conditions de vie des populations et ensuite d\u00e9couvrir que les usagers continuent d\u2019utiliser leurs sources d\u2019eaux traditionnelles existantes, par exemple, les puits, pour les besoins de cuisine et l\u2019eau potable du projet pour le linge et d\u2019autres fins m\u00e9nag\u00e8res ! Il est clair de constater que le projet n\u2019est pas utilis\u00e9 pour son objectif primaire, ce qui pourrait, sans doute, compromettre les r\u00e9sultats souhait\u00e9s. \nIl est certes difficile de s\u2019opposer \u00e0 un projet aussi important vu ses b\u00e9n\u00e9fices socio-sanitaires notamment la r\u00e9duction de maladies d\u2019origine hydrique. Cependant, si les usagers n\u2019utilisent pas le projet pour son objectif souhait\u00e9, nous pouvons estimer qu\u2019ils n'ont soit pas \u00e9t\u00e9 consult\u00e9s dans le processus d\u00e8s le d\u00e9but, ou que le projet ne r\u00e9pond pas \u00e0 leurs aspirations r\u00e9elles, ou les installations et ouvrages n\u2019ont pas \u00e9t\u00e9 r\u00e9alis\u00e9s sur des sites appropri\u00e9s. \nAlors comment s'assurer de l\u2019alignement des projets de d\u00e9veloppement avec les aspirations des communaut\u00e9s b\u00e9n\u00e9ficiaires ? Voici ce qu\u2019Hirondelle Magazine se donne comme mission.\nNotre combat \u0153uvre \u00e0 pallier la d\u00e9connexion entre les politiques de d\u00e9veloppement nationales ainsi qu\u2019internationales et les besoins prioritaires des populations.<\/p>\n\n\n\n<div style=\"height:70px\" aria-hidden=\"true\" class=\"wp-block-spacer\"><\/div>\n\n\n\n<div class=\"wp-block-columns is-layout-flex wp-container-core-columns-is-layout-28f84493 wp-block-columns-is-layout-flex\">\n<div class=\"wp-block-column is-layout-flow wp-block-column-is-layout-flow\">\n<h4 class=\"wp-block-heading has-text-align-center\">D\u00e9veloppement Durable<\/h4>\n\n\n\n<div class=\"wp-block-cover is-light\"><span aria-hidden=\"true\" class=\"wp-block-cover__background has-ast-global-color-6-background-color has-background-dim-30 has-background-dim\"><\/span><img decoding=\"async\" width=\"1280\" height=\"853\" class=\"wp-block-cover__image-background wp-image-27821\" alt=\"\" src=\"https:\/\/hirondellemagazine.com\/wp-content\/uploads\/2021\/10\/nature-earth-sustainability-3294632.jpg\" data-object-fit=\"cover\" srcset=\"https:\/\/hirondellemagazine.com\/wp-content\/uploads\/2021\/10\/nature-earth-sustainability-3294632.jpg 1280w, https:\/\/hirondellemagazine.com\/wp-content\/uploads\/2021\/10\/nature-earth-sustainability-3294632-300x200.jpg 300w, https:\/\/hirondellemagazine.com\/wp-content\/uploads\/2021\/10\/nature-earth-sustainability-3294632-1024x682.jpg 1024w, https:\/\/hirondellemagazine.com\/wp-content\/uploads\/2021\/10\/nature-earth-sustainability-3294632-768x512.jpg 768w, https:\/\/hirondellemagazine.com\/wp-content\/uploads\/2021\/10\/nature-earth-sustainability-3294632-18x12.jpg 18w\" sizes=\"(max-width: 1280px) 100vw, 1280px\" \/><div class=\"wp-block-cover__inner-container is-layout-flow wp-block-cover-is-layout-flow\">\n<h3 class=\"wp-block-heading\"><\/h3>\n\n\n\n<hr class=\"wp-block-separator has-text-color has-ast-global-color-0-color has-css-opacity has-ast-global-color-0-background-color has-background is-style-wide\"\/>\n\n\n\n<p><\/p>\n\n\n\n<div class=\"wp-block-buttons is-horizontal is-content-justification-center is-layout-flex wp-container-core-buttons-is-layout-03627597 wp-block-buttons-is-layout-flex\">\n<div class=\"wp-block-button\"><a class=\"wp-block-button__link wp-element-button\" href=\"https:\/\/hirondellemagazine.com\/fr\/resources-sustainable-development\/\">En savoir plus<\/a><\/div>\n<\/div>\n<\/div><\/div>\n<\/div>\n\n\n\n<div class=\"wp-block-column is-layout-flow wp-block-column-is-layout-flow\">\n<h4 class=\"wp-block-heading has-text-align-center\">Formations et Webinaires<\/h4>\n\n\n\n<div class=\"wp-block-cover is-light\"><span aria-hidden=\"true\" class=\"wp-block-cover__background has-ast-global-color-6-background-color has-background-dim\"><\/span><img decoding=\"async\" width=\"1920\" height=\"1280\" class=\"wp-block-cover__image-background wp-image-28044\" alt=\"\" src=\"https:\/\/hirondellemagazine.com\/wp-content\/uploads\/2021\/10\/pexels-fauxels-3184296-2.jpg\" style=\"object-position:100% 50%\" data-object-fit=\"cover\" data-object-position=\"100% 50%\" srcset=\"https:\/\/hirondellemagazine.com\/wp-content\/uploads\/2021\/10\/pexels-fauxels-3184296-2.jpg 1920w, https:\/\/hirondellemagazine.com\/wp-content\/uploads\/2021\/10\/pexels-fauxels-3184296-2-300x200.jpg 300w, https:\/\/hirondellemagazine.com\/wp-content\/uploads\/2021\/10\/pexels-fauxels-3184296-2-1024x683.jpg 1024w, https:\/\/hirondellemagazine.com\/wp-content\/uploads\/2021\/10\/pexels-fauxels-3184296-2-768x512.jpg 768w, https:\/\/hirondellemagazine.com\/wp-content\/uploads\/2021\/10\/pexels-fauxels-3184296-2-1536x1024.jpg 1536w, https:\/\/hirondellemagazine.com\/wp-content\/uploads\/2021\/10\/pexels-fauxels-3184296-2-18x12.jpg 18w\" sizes=\"(max-width: 1920px) 100vw, 1920px\" \/><div class=\"wp-block-cover__inner-container is-layout-flow wp-block-cover-is-layout-flow\">\n<h3 class=\"wp-block-heading\"><\/h3>\n\n\n\n<hr class=\"wp-block-separator has-text-color has-ast-global-color-0-color has-css-opacity has-ast-global-color-0-background-color has-background is-style-wide\"\/>\n\n\n\n<p><\/p>\n\n\n\n<div class=\"wp-block-buttons is-horizontal is-content-justification-center is-layout-flex wp-container-core-buttons-is-layout-03627597 wp-block-buttons-is-layout-flex\">\n<div class=\"wp-block-button\"><a class=\"wp-block-button__link wp-element-button\" href=\"https:\/\/hirondellemagazine.com\/fr\/events-and-training\/\">En savoir plus<\/a><\/div>\n<\/div>\n<\/div><\/div>\n<\/div>\n\n\n\n<div class=\"wp-block-column is-layout-flow wp-block-column-is-layout-flow\">\n<h4 class=\"wp-block-heading has-text-align-center\">Les M\u00e9dias<\/h4>\n\n\n\n<div class=\"wp-block-cover\"><span aria-hidden=\"true\" class=\"wp-block-cover__background has-ast-global-color-6-background-color has-background-dim-30 has-background-dim\"><\/span><img loading=\"lazy\" decoding=\"async\" width=\"1280\" height=\"270\" class=\"wp-block-cover__image-background wp-image-28046\" alt=\"\" src=\"https:\/\/hirondellemagazine.com\/wp-content\/uploads\/2021\/10\/photographer-g32d792a97_1280-Gerd-Altmann.jpg\" style=\"object-position:17% 54%\" data-object-fit=\"cover\" data-object-position=\"17% 54%\" srcset=\"https:\/\/hirondellemagazine.com\/wp-content\/uploads\/2021\/10\/photographer-g32d792a97_1280-Gerd-Altmann.jpg 1280w, https:\/\/hirondellemagazine.com\/wp-content\/uploads\/2021\/10\/photographer-g32d792a97_1280-Gerd-Altmann-300x63.jpg 300w, https:\/\/hirondellemagazine.com\/wp-content\/uploads\/2021\/10\/photographer-g32d792a97_1280-Gerd-Altmann-1024x216.jpg 1024w, https:\/\/hirondellemagazine.com\/wp-content\/uploads\/2021\/10\/photographer-g32d792a97_1280-Gerd-Altmann-768x162.jpg 768w, https:\/\/hirondellemagazine.com\/wp-content\/uploads\/2021\/10\/photographer-g32d792a97_1280-Gerd-Altmann-18x4.jpg 18w\" sizes=\"(max-width: 1280px) 100vw, 1280px\" \/><div class=\"wp-block-cover__inner-container is-layout-flow wp-block-cover-is-layout-flow\">\n<h3 class=\"wp-block-heading\"><\/h3>\n\n\n\n<hr class=\"wp-block-separator has-text-color has-ast-global-color-0-color has-css-opacity has-ast-global-color-0-background-color has-background is-style-wide\"\/>\n\n\n\n<p><\/p>\n\n\n\n<div class=\"wp-block-buttons is-horizontal is-content-justification-center is-layout-flex wp-container-core-buttons-is-layout-03627597 wp-block-buttons-is-layout-flex\">\n<div class=\"wp-block-button\"><a class=\"wp-block-button__link wp-element-button\" href=\"https:\/\/hirondellemagazine.com\/fr\/media\/\">En savoir plus<\/a><\/div>\n<\/div>\n<\/div><\/div>\n<\/div>\n<\/div>\n<\/div><\/div>\n\n\n\n<div class=\"wp-block-cover\" style=\"min-height:275px;aspect-ratio:unset;\"><span aria-hidden=\"true\" class=\"wp-block-cover__background has-ast-global-color-0-background-color has-background-dim-100 has-background-dim\"><\/span><div class=\"wp-block-cover__inner-container is-layout-flow wp-block-cover-is-layout-flow\">\n<h3 class=\"wp-block-heading has-text-align-center\"><mark style=\"background-color:rgba(0, 0, 0, 0)\" class=\"has-inline-color has-ast-global-color-4-color\">Voulez-vous nous joindre ?<\/mark><\/h3>\n\n\n\n<p class=\"has-text-align-center\">Envoyez-nous un message !<\/p>\n\n\n\n<div class=\"wp-block-buttons is-horizontal is-content-justification-center is-layout-flex wp-container-core-buttons-is-layout-03627597 wp-block-buttons-is-layout-flex\">\n<div class=\"wp-block-button\"><a class=\"wp-block-button__link has-white-color has-ast-global-color-1-background-color has-text-color has-background wp-element-button\" href=\"https:\/\/hirondellemagazine.com\/fr\/contact-us\/\">Contactez-nous<\/a><\/div>\n<\/div>\n<\/div><\/div>\n\n\n\n<div style=\"height:75px\" aria-hidden=\"true\" class=\"wp-block-spacer\"><\/div>\n\n\n\n<h2 class=\"wp-block-heading alignwide has-text-align-center\">Actualit\u00e9s<\/h2>\n\n\n<ul class=\"wp-block-latest-posts__list wp-block-latest-posts\"><li><div class=\"wp-block-latest-posts__featured-image\"><img loading=\"lazy\" decoding=\"async\" width=\"150\" height=\"150\" src=\"https:\/\/hirondellemagazine.com\/wp-content\/uploads\/2023\/02\/barrage-150x150.jpeg\" class=\"attachment-thumbnail size-thumbnail wp-post-image\" alt=\"barrage de konledieba\" style=\"\" \/><\/div><a class=\"wp-block-latest-posts__post-title\" href=\"https:\/\/hirondellemagazine.com\/fr\/apercu-sur-les-etapes-dintegration-de-la-gestion-durable-des-terres-et-des-eaux-dans-les-curricula-de-formation-des-ecoles-agropastorales-au-mali\/\">Aper\u00e7u sur les \u00e9tapes d\u2019int\u00e9gration de la Gestion Durable des Terres et des Eaux dans les curricula de formation des \u00e9coles agropastorales au Mali<\/a><div class=\"wp-block-latest-posts__post-excerpt\">La gestion durable des terres et des eaux permet de p\u00e9renniser les pratiques de gestion durable des terres et des eaux et de faire face aux effets des changements climatiques dans les milieux ruraux et par ricochet am\u00e9liorer les conditions de vie des populations.<\/div><\/li>\n<\/ul>","protected":false},"excerpt":{"rendered":"<p>Our Work Think about investing thousands of dollars in a clean water project in a rural village only to find out that the locals continue using their existing water sources (e.g., wells) for cooking and drinking needs while using the project-funded \u201cclean\u201d (tap) water for laundry and other household cleaning purposes! No doubt, the project [&hellip;]<\/p>","protected":false},"author":12,"featured_media":0,"parent":0,"menu_order":0,"comment_status":"closed","ping_status":"closed","template":"","meta":{"om_disable_all_campaigns":false,"_monsterinsights_skip_tracking":false,"_monsterinsights_sitenote_active":false,"_monsterinsights_sitenote_note":"","_monsterinsights_sitenote_category":0,"site-sidebar-layout":"no-sidebar","site-content-layout":"plain-container","ast-site-content-layout":"default","site-content-style":"default","site-sidebar-style":"default","ast-global-header-display":"","ast-banner-title-visibility":"","ast-main-header-display":"","ast-hfb-above-header-display":"","ast-hfb-below-header-display":"","ast-hfb-mobile-header-display":"","site-post-title":"disabled","ast-breadcrumbs-content":"","ast-featured-img":"","footer-sml-layout":"","theme-transparent-header-meta":"enabled","adv-header-id-meta":"","stick-header-meta":"","header-above-stick-meta":"","header-main-stick-meta":"","header-below-stick-meta":"","astra-migrate-meta-layouts":"default","ast-page-background-enabled":"default","ast-page-background-meta":{"desktop":{"background-color":"","background-image":"","background-repeat":"repeat","background-position":"center center","background-size":"auto","background-attachment":"scroll","background-type":"","background-media":"","overlay-type":"","overlay-color":"","overlay-opacity":"","overlay-gradient":""},"tablet":{"background-color":"","background-image":"","background-repeat":"repeat","background-position":"center center","background-size":"auto","background-attachment":"scroll","background-type":"","background-media":"","overlay-type":"","overlay-color":"","overlay-opacity":"","overlay-gradient":""},"mobile":{"background-color":"","background-image":"","background-repeat":"repeat","background-position":"center center","background-size":"auto","background-attachment":"scroll","background-type":"","background-media":"","overlay-type":"","overlay-color":"","overlay-opacity":"","overlay-gradient":""}},"ast-content-background-meta":{"desktop":{"background-color":"var(--ast-global-color-5)","background-image":"","background-repeat":"repeat","background-position":"center center","background-size":"auto","background-attachment":"scroll","background-type":"","background-media":"","overlay-type":"","overlay-color":"","overlay-opacity":"","overlay-gradient":""},"tablet":{"background-color":"var(--ast-global-color-5)","background-image":"","background-repeat":"repeat","background-position":"center center","background-size":"auto","background-attachment":"scroll","background-type":"","background-media":"","overlay-type":"","overlay-color":"","overlay-opacity":"","overlay-gradient":""},"mobile":{"background-color":"var(--ast-global-color-5)","background-image":"","background-repeat":"repeat","background-position":"center center","background-size":"auto","background-attachment":"scroll","background-type":"","background-media":"","overlay-type":"","overlay-color":"","overlay-opacity":"","overlay-gradient":""}},"episode_type":"","audio_file":"","cover_image":"","cover_image_id":"","duration":"","filesize":"","filesize_raw":"","date_recorded":"","explicit":"","block":"","footnotes":""},"class_list":["post-25264","page","type-page","status-publish","hentry"],"_links":{"self":[{"href":"https:\/\/hirondellemagazine.com\/fr\/wp-json\/wp\/v2\/pages\/25264","targetHints":{"allow":["GET"]}}],"collection":[{"href":"https:\/\/hirondellemagazine.com\/fr\/wp-json\/wp\/v2\/pages"}],"about":[{"href":"https:\/\/hirondellemagazine.com\/fr\/wp-json\/wp\/v2\/types\/page"}],"author":[{"embeddable":true,"href":"https:\/\/hirondellemagazine.com\/fr\/wp-json\/wp\/v2\/users\/12"}],"replies":[{"embeddable":true,"href":"https:\/\/hirondellemagazine.com\/fr\/wp-json\/wp\/v2\/comments?post=25264"}],"version-history":[{"count":151,"href":"https:\/\/hirondellemagazine.com\/fr\/wp-json\/wp\/v2\/pages\/25264\/revisions"}],"predecessor-version":[{"id":32135,"href":"https:\/\/hirondellemagazine.com\/fr\/wp-json\/wp\/v2\/pages\/25264\/revisions\/32135"}],"wp:attachment":[{"href":"https:\/\/hirondellemagazine.com\/fr\/wp-json\/wp\/v2\/media?parent=25264"}],"curies":[{"name":"wp","href":"https:\/\/api.w.org\/{rel}","templated":true}]}}